{"id":609,"date":"2019-06-13T09:51:03","date_gmt":"2019-06-13T08:51:03","guid":{"rendered":"https:\/\/hidden-adriatic.com\/how-does-it-work\/"},"modified":"2025-03-21T11:12:48","modified_gmt":"2025-03-21T10:12:48","slug":"comment-ca-marche","status":"publish","type":"page","link":"https:\/\/hidden-adriatic.com\/fr\/comment-ca-marche\/","title":{"rendered":"Comment ca marche?"},"content":{"rendered":"<p>[et_pb_section fb_built=\u00a0\u00bb1&Prime; next_background_color=\u00a0\u00bb#ffffff\u00a0\u00bb admin_label=\u00a0\u00bbsection\u00a0\u00bb _builder_version=\u00a0\u00bb4.16&Prime; use_background_color_gradient=\u00a0\u00bbon\u00a0\u00bb background_color_gradient_stops=\u00a0\u00bb#0093c9 0%|rgba(149,214,0,0) 22%\u00a0\u00bb background_color_gradient_overlays_image=\u00a0\u00bbon\u00a0\u00bb background_color_gradient_start=\u00a0\u00bb#0093c9&Prime; background_color_gradient_end=\u00a0\u00bbrgba(149,214,0,0)\u00a0\u00bb background_color_gradient_end_position=\u00a0\u00bb22%\u00a0\u00bb background_image=\u00a0\u00bbhttps:\/\/hidden-adriatic.com\/web\/wp-content\/uploads\/2019\/06\/hidden_adriatic_background_5.jpg\u00a0\u00bb height=\u00a0\u00bb100vh\u00a0\u00bb bottom_divider_style=\u00a0\u00bbcurve\u00a0\u00bb bottom_divider_height=\u00a0\u00bb50px\u00a0\u00bb bottom_divider_height_tablet=\u00a0\u00bb25px\u00a0\u00bb bottom_divider_height_phone=\u00a0\u00bb15px\u00a0\u00bb bottom_divider_height_last_edited=\u00a0\u00bbon|phone\u00a0\u00bb custom_css_main_element=\u00a0\u00bbdisplay: flex;||flex-wrap: wrap;||align-content: center;\u00a0\u00bb global_colors_info=\u00a0\u00bb{}\u00a0\u00bb][et_pb_row admin_label=\u00a0\u00bbrow\u00a0\u00bb _builder_version=\u00a0\u00bb4.16&Prime; use_background_color_gradient=\u00a0\u00bbon\u00a0\u00bb background_color_gradient_direction=\u00a0\u00bb90deg\u00a0\u00bb background_color_gradient_stops=\u00a0\u00bb#0093c9 0%|rgba(41,196,169,0) 100%\u00a0\u00bb background_color_gradient_start=\u00a0\u00bb#0093c9&Prime; background_color_gradient_end=\u00a0\u00bbrgba(41,196,169,0)\u00a0\u00bb background_size=\u00a0\u00bbinitial\u00a0\u00bb background_position=\u00a0\u00bbtop_left\u00a0\u00bb background_repeat=\u00a0\u00bbrepeat\u00a0\u00bb animation_style=\u00a0\u00bbfade\u00a0\u00bb custom_css_main_element=\u00a0\u00bbdisplay: flex;||flex-wrap: wrap;||align-content: center;\u00a0\u00bb global_colors_info=\u00a0\u00bb{}\u00a0\u00bb][et_pb_column type=\u00a0\u00bb4_4&Prime; _builder_version=\u00a0\u00bb4.16&Prime; custom_padding=\u00a0\u00bb20px|20px|20px|20px\u00a0\u00bb global_colors_info=\u00a0\u00bb{}\u00a0\u00bb custom_padding__hover=\u00a0\u00bb|||\u00a0\u00bb][et_pb_text _builder_version=\u00a0\u00bb4.16&Prime; text_font=\u00a0\u00bbBelgrano||||||||\u00a0\u00bb text_text_color=\u00a0\u00bb#ffffff\u00a0\u00bb text_font_size=\u00a0\u00bb80px\u00a0\u00bb text_line_height=\u00a0\u00bb80px\u00a0\u00bb animation_style=\u00a0\u00bbfade\u00a0\u00bb text_font_size_tablet=\u00a0\u00bb60px\u00a0\u00bb text_font_size_phone=\u00a0\u00bb40px\u00a0\u00bb text_font_size_last_edited=\u00a0\u00bbon|phone\u00a0\u00bb text_line_height_tablet=\u00a0\u00bb60px\u00a0\u00bb text_line_height_phone=\u00a0\u00bb40px\u00a0\u00bb text_line_height_last_edited=\u00a0\u00bbon|tablet\u00a0\u00bb global_colors_info=\u00a0\u00bb{}\u00a0\u00bb text_line_height__hover_enabled=\u00a0\u00bbon\u00a0\u00bb text_line_height__hover=\u00a0\u00bb80px\u00a0\u00bb]<\/p>\n<p>Comment ca marche?<\/p>\n<p>[\/et_pb_text][\/et_pb_column][\/et_pb_row][\/et_pb_section][et_pb_section fb_built=\u00a0\u00bb1&Prime; _builder_version=\u00a0\u00bb4.16&Prime; global_colors_info=\u00a0\u00bb{}\u00a0\u00bb][et_pb_row column_structure=\u00a0\u00bb1_4,3_4&Prime; _builder_version=\u00a0\u00bb4.16&Prime; animation_style=\u00a0\u00bbfade\u00a0\u00bb custom_css_main_element=\u00a0\u00bbdisplay: flex;||flex-wrap: wrap;||align-content: center;\u00a0\u00bb global_colors_info=\u00a0\u00bb{}\u00a0\u00bb][et_pb_column type=\u00a0\u00bb1_4&Prime; _builder_version=\u00a0\u00bb4.16&Prime; use_background_color_gradient=\u00a0\u00bbon\u00a0\u00bb background_color_gradient_direction=\u00a0\u00bb45deg\u00a0\u00bb background_color_gradient_stops=\u00a0\u00bb#95d600 0%|#0093c9 100%\u00a0\u00bb background_color_gradient_start=\u00a0\u00bb#95d600&Prime; background_color_gradient_end=\u00a0\u00bb#0093c9&Prime; custom_padding=\u00a0\u00bb|||\u00a0\u00bb global_colors_info=\u00a0\u00bb{}\u00a0\u00bb custom_padding__hover=\u00a0\u00bb|||\u00a0\u00bb][et_pb_text _builder_version=\u00a0\u00bb4.16&Prime; text_font=\u00a0\u00bb||||||||\u00a0\u00bb header_font=\u00a0\u00bb||||||||\u00a0\u00bb header_text_color=\u00a0\u00bb#000000&Prime; header_font_size=\u00a0\u00bb90px\u00a0\u00bb background_color=\u00a0\u00bb#ffffff\u00a0\u00bb text_orientation=\u00a0\u00bbcenter\u00a0\u00bb custom_padding=\u00a0\u00bb10px|10px|10px|10px\u00a0\u00bb mix_blend_mode=\u00a0\u00bblighten\u00a0\u00bb animation_direction=\u00a0\u00bbleft\u00a0\u00bb border_width_right=\u00a0\u00bb2px\u00a0\u00bb border_width_right_tablet=\u00a0\u00bb0px\u00a0\u00bb border_width_right_phone=\u00a0\u00bb0px\u00a0\u00bb border_width_right_last_edited=\u00a0\u00bbon|phone\u00a0\u00bb text_text_align=\u00a0\u00bbcenter\u00a0\u00bb global_colors_info=\u00a0\u00bb{}\u00a0\u00bb]<\/p>\n<h1>1<\/h1>\n<p>[\/et_pb_text][\/et_pb_column][et_pb_column type=\u00a0\u00bb3_4&Prime; _builder_version=\u00a0\u00bb4.16&Prime; background_color_gradient_direction=\u00a0\u00bb45deg\u00a0\u00bb custom_padding=\u00a0\u00bb|||\u00a0\u00bb custom_css_main_element=\u00a0\u00bbdisplay: flex;||flex-wrap: wrap;||align-content: center;\u00a0\u00bb global_colors_info=\u00a0\u00bb{}\u00a0\u00bb custom_padding__hover=\u00a0\u00bb|||\u00a0\u00bb][et_pb_text _builder_version=\u00a0\u00bb4.16&Prime; text_font=\u00a0\u00bb|300|||||||\u00a0\u00bb text_font_size=\u00a0\u00bb20px\u00a0\u00bb text_line_height=\u00a0\u00bb25px\u00a0\u00bb custom_css_after=\u00a0\u00bbdisplay: flex;||flex-wrap: wrap;||align-content: center;\u00a0\u00bb global_colors_info=\u00a0\u00bb{}\u00a0\u00bb]<\/p>\n<p><a href=\"https:\/\/hidden-adriatic.com\/fr\/contact\/\"><strong>Contactez-nous<\/strong><\/a> et donnez-nous une id\u00e9e de ce que vos clients cherchent \u00e0 exp\u00e9rimenter lors de leur voyage en Croatie.<\/p>\n<p>[\/et_pb_text][\/et_pb_column][\/et_pb_row][et_pb_row column_structure=\u00a0\u00bb1_4,3_4&Prime; _builder_version=\u00a0\u00bb4.16&Prime; animation_style=\u00a0\u00bbfade\u00a0\u00bb custom_css_main_element=\u00a0\u00bbdisplay: flex;||flex-wrap: wrap;||align-content: center;\u00a0\u00bb global_colors_info=\u00a0\u00bb{}\u00a0\u00bb][et_pb_column type=\u00a0\u00bb1_4&Prime; _builder_version=\u00a0\u00bb4.16&Prime; use_background_color_gradient=\u00a0\u00bbon\u00a0\u00bb background_color_gradient_direction=\u00a0\u00bb45deg\u00a0\u00bb background_color_gradient_stops=\u00a0\u00bb#95d600 0%|#0093c9 100%\u00a0\u00bb background_color_gradient_start=\u00a0\u00bb#95d600&Prime; background_color_gradient_end=\u00a0\u00bb#0093c9&Prime; custom_padding=\u00a0\u00bb|||\u00a0\u00bb global_colors_info=\u00a0\u00bb{}\u00a0\u00bb custom_padding__hover=\u00a0\u00bb|||\u00a0\u00bb][et_pb_text _builder_version=\u00a0\u00bb4.16&Prime; text_font=\u00a0\u00bb||||||||\u00a0\u00bb header_font=\u00a0\u00bb||||||||\u00a0\u00bb header_text_color=\u00a0\u00bb#000000&Prime; header_font_size=\u00a0\u00bb90px\u00a0\u00bb background_color=\u00a0\u00bb#ffffff\u00a0\u00bb text_orientation=\u00a0\u00bbcenter\u00a0\u00bb custom_padding=\u00a0\u00bb10px|10px|10px|10px\u00a0\u00bb mix_blend_mode=\u00a0\u00bblighten\u00a0\u00bb border_width_right=\u00a0\u00bb2px\u00a0\u00bb border_width_right_tablet=\u00a0\u00bb0px\u00a0\u00bb border_width_right_phone=\u00a0\u00bb0px\u00a0\u00bb border_width_right_last_edited=\u00a0\u00bbon|phone\u00a0\u00bb text_text_align=\u00a0\u00bbcenter\u00a0\u00bb global_colors_info=\u00a0\u00bb{}\u00a0\u00bb]<\/p>\n<h1>2<\/h1>\n<p>[\/et_pb_text][\/et_pb_column][et_pb_column type=\u00a0\u00bb3_4&Prime; _builder_version=\u00a0\u00bb4.16&Prime; background_color_gradient_direction=\u00a0\u00bb45deg\u00a0\u00bb custom_padding=\u00a0\u00bb|||\u00a0\u00bb custom_css_main_element=\u00a0\u00bbdisplay: flex;||flex-wrap: wrap;||align-content: center;\u00a0\u00bb global_colors_info=\u00a0\u00bb{}\u00a0\u00bb custom_padding__hover=\u00a0\u00bb|||\u00a0\u00bb][et_pb_text _builder_version=\u00a0\u00bb4.16&Prime; text_font=\u00a0\u00bb|300|||||||\u00a0\u00bb text_font_size=\u00a0\u00bb20px\u00a0\u00bb text_line_height=\u00a0\u00bb25px\u00a0\u00bb custom_css_after=\u00a0\u00bbdisplay: flex;||flex-wrap: wrap;||align-content: center;\u00a0\u00bb global_colors_info=\u00a0\u00bb{}\u00a0\u00bb]<\/p>\n<p>Nous vous recontactons pour en discuter plus en d\u00e9tail.<\/p>\n<p>[\/et_pb_text][\/et_pb_column][\/et_pb_row][et_pb_row column_structure=\u00a0\u00bb1_4,3_4&Prime; _builder_version=\u00a0\u00bb4.16&Prime; animation_style=\u00a0\u00bbfade\u00a0\u00bb custom_css_main_element=\u00a0\u00bbdisplay: flex;||flex-wrap: wrap;||align-content: center;\u00a0\u00bb global_colors_info=\u00a0\u00bb{}\u00a0\u00bb][et_pb_column type=\u00a0\u00bb1_4&Prime; _builder_version=\u00a0\u00bb4.16&Prime; use_background_color_gradient=\u00a0\u00bbon\u00a0\u00bb background_color_gradient_direction=\u00a0\u00bb45deg\u00a0\u00bb background_color_gradient_stops=\u00a0\u00bb#95d600 0%|#0093c9 100%\u00a0\u00bb background_color_gradient_start=\u00a0\u00bb#95d600&Prime; background_color_gradient_end=\u00a0\u00bb#0093c9&Prime; custom_padding=\u00a0\u00bb|||\u00a0\u00bb global_colors_info=\u00a0\u00bb{}\u00a0\u00bb custom_padding__hover=\u00a0\u00bb|||\u00a0\u00bb][et_pb_text _builder_version=\u00a0\u00bb4.16&Prime; text_font=\u00a0\u00bb||||||||\u00a0\u00bb header_font=\u00a0\u00bb||||||||\u00a0\u00bb header_text_color=\u00a0\u00bb#000000&Prime; header_font_size=\u00a0\u00bb90px\u00a0\u00bb background_color=\u00a0\u00bb#ffffff\u00a0\u00bb text_orientation=\u00a0\u00bbcenter\u00a0\u00bb custom_padding=\u00a0\u00bb10px|10px|10px|10px\u00a0\u00bb mix_blend_mode=\u00a0\u00bblighten\u00a0\u00bb border_width_right=\u00a0\u00bb2px\u00a0\u00bb border_width_right_tablet=\u00a0\u00bb0px\u00a0\u00bb border_width_right_phone=\u00a0\u00bb0px\u00a0\u00bb border_width_right_last_edited=\u00a0\u00bbon|phone\u00a0\u00bb text_text_align=\u00a0\u00bbcenter\u00a0\u00bb global_colors_info=\u00a0\u00bb{}\u00a0\u00bb]<\/p>\n<h1>3<\/h1>\n<p>[\/et_pb_text][\/et_pb_column][et_pb_column type=\u00a0\u00bb3_4&Prime; _builder_version=\u00a0\u00bb4.16&Prime; background_color_gradient_direction=\u00a0\u00bb45deg\u00a0\u00bb custom_padding=\u00a0\u00bb|||\u00a0\u00bb custom_css_main_element=\u00a0\u00bbdisplay: flex;||flex-wrap: wrap;||align-content: center;\u00a0\u00bb global_colors_info=\u00a0\u00bb{}\u00a0\u00bb custom_padding__hover=\u00a0\u00bb|||\u00a0\u00bb][et_pb_text _builder_version=\u00a0\u00bb4.16&Prime; text_font=\u00a0\u00bb|300|||||||\u00a0\u00bb text_font_size=\u00a0\u00bb20px\u00a0\u00bb text_line_height=\u00a0\u00bb25px\u00a0\u00bb custom_css_after=\u00a0\u00bbdisplay: flex;||flex-wrap: wrap;||align-content: center;\u00a0\u00bb global_colors_info=\u00a0\u00bb{}\u00a0\u00bb]<\/p>\n<p>Nous r\u00e9fl\u00e9chissons de mani\u00e8re approfondie \u00e0 tous les petits d\u00e9tails qui entrent dans l\u2019\u00e9laboration d\u2019un itin\u00e9raire extraordinaire sp\u00e9cialement adapt\u00e9 aux besoins de vos clients. Ensuite, nous vous enverrons un devis.<\/p>\n<p>[\/et_pb_text][\/et_pb_column][\/et_pb_row][et_pb_row column_structure=\u00a0\u00bb1_4,3_4&Prime; _builder_version=\u00a0\u00bb4.16&Prime; animation_style=\u00a0\u00bbfade\u00a0\u00bb custom_css_main_element=\u00a0\u00bbdisplay: flex;||flex-wrap: wrap;||align-content: center;\u00a0\u00bb global_colors_info=\u00a0\u00bb{}\u00a0\u00bb][et_pb_column type=\u00a0\u00bb1_4&Prime; _builder_version=\u00a0\u00bb4.16&Prime; use_background_color_gradient=\u00a0\u00bbon\u00a0\u00bb background_color_gradient_direction=\u00a0\u00bb45deg\u00a0\u00bb background_color_gradient_stops=\u00a0\u00bb#95d600 0%|#0093c9 100%\u00a0\u00bb background_color_gradient_start=\u00a0\u00bb#95d600&Prime; background_color_gradient_end=\u00a0\u00bb#0093c9&Prime; custom_padding=\u00a0\u00bb|||\u00a0\u00bb global_colors_info=\u00a0\u00bb{}\u00a0\u00bb custom_padding__hover=\u00a0\u00bb|||\u00a0\u00bb][et_pb_text _builder_version=\u00a0\u00bb4.16&Prime; text_font=\u00a0\u00bb||||||||\u00a0\u00bb header_font=\u00a0\u00bb||||||||\u00a0\u00bb header_text_color=\u00a0\u00bb#000000&Prime; header_font_size=\u00a0\u00bb90px\u00a0\u00bb background_color=\u00a0\u00bb#ffffff\u00a0\u00bb text_orientation=\u00a0\u00bbcenter\u00a0\u00bb custom_padding=\u00a0\u00bb10px|10px|10px|10px\u00a0\u00bb mix_blend_mode=\u00a0\u00bblighten\u00a0\u00bb border_width_right=\u00a0\u00bb2px\u00a0\u00bb border_width_right_tablet=\u00a0\u00bb0px\u00a0\u00bb border_width_right_phone=\u00a0\u00bb0px\u00a0\u00bb border_width_right_last_edited=\u00a0\u00bbon|phone\u00a0\u00bb text_text_align=\u00a0\u00bbcenter\u00a0\u00bb global_colors_info=\u00a0\u00bb{}\u00a0\u00bb]<\/p>\n<h1>4<\/h1>\n<p>[\/et_pb_text][\/et_pb_column][et_pb_column type=\u00a0\u00bb3_4&Prime; _builder_version=\u00a0\u00bb4.16&Prime; background_color_gradient_direction=\u00a0\u00bb45deg\u00a0\u00bb custom_padding=\u00a0\u00bb|||\u00a0\u00bb custom_css_main_element=\u00a0\u00bbdisplay: flex;||flex-wrap: wrap;||align-content: center;\u00a0\u00bb global_colors_info=\u00a0\u00bb{}\u00a0\u00bb custom_padding__hover=\u00a0\u00bb|||\u00a0\u00bb][et_pb_text _builder_version=\u00a0\u00bb4.16&Prime; text_font=\u00a0\u00bb|300|||||||\u00a0\u00bb text_font_size=\u00a0\u00bb20px\u00a0\u00bb text_line_height=\u00a0\u00bb25px\u00a0\u00bb custom_css_after=\u00a0\u00bbdisplay: flex;||flex-wrap: wrap;||align-content: center;\u00a0\u00bb global_colors_info=\u00a0\u00bb{}\u00a0\u00bb]<\/p>\n<p>Un suivi sera assur\u00e9 par nos soins pendant toute la dur\u00e9e du s\u00e9jour.<\/p>\n<p>[\/et_pb_text][\/et_pb_column][\/et_pb_row][\/et_pb_section][et_pb_section fb_built=\u00a0\u00bb1&Prime; prev_background_color=\u00a0\u00bb#ffffff\u00a0\u00bb next_background_color=\u00a0\u00bb#ffffff\u00a0\u00bb _builder_version=\u00a0\u00bb4.16&Prime; background_image=\u00a0\u00bbhttps:\/\/hidden-adriatic.com\/web\/wp-content\/uploads\/2019\/06\/hidden_adriatic_background_8.jpg\u00a0\u00bb parallax=\u00a0\u00bbon\u00a0\u00bb parallax_method=\u00a0\u00bboff\u00a0\u00bb height=\u00a0\u00bb350px\u00a0\u00bb height_tablet=\u00a0\u00bb\u00a0\u00bb height_phone=\u00a0\u00bb\u00a0\u00bb height_last_edited=\u00a0\u00bbon|phone\u00a0\u00bb custom_margin=\u00a0\u00bb||\u00a0\u00bb custom_padding=\u00a0\u00bb||\u00a0\u00bb top_divider_style=\u00a0\u00bbcurve\u00a0\u00bb top_divider_height=\u00a0\u00bb50px\u00a0\u00bb top_divider_flip=\u00a0\u00bbvertical\u00a0\u00bb top_divider_height_tablet=\u00a0\u00bb25px\u00a0\u00bb top_divider_height_phone=\u00a0\u00bb15px\u00a0\u00bb top_divider_height_last_edited=\u00a0\u00bbon|phone\u00a0\u00bb bottom_divider_style=\u00a0\u00bbcurve\u00a0\u00bb bottom_divider_height=\u00a0\u00bb50px\u00a0\u00bb bottom_divider_height_tablet=\u00a0\u00bb25px\u00a0\u00bb bottom_divider_height_phone=\u00a0\u00bb15px\u00a0\u00bb bottom_divider_height_last_edited=\u00a0\u00bbon|phone\u00a0\u00bb custom_css_main_element=\u00a0\u00bbdisplay: flex;||flex-wrap: wrap;||align-content: center;\u00a0\u00bb global_colors_info=\u00a0\u00bb{}\u00a0\u00bb][et_pb_row _builder_version=\u00a0\u00bb4.16&Prime; global_colors_info=\u00a0\u00bb{}\u00a0\u00bb][et_pb_column type=\u00a0\u00bb4_4&Prime; _builder_version=\u00a0\u00bb4.16&Prime; global_colors_info=\u00a0\u00bb{}\u00a0\u00bb][et_pb_text _builder_version=\u00a0\u00bb4.16&Prime; text_font=\u00a0\u00bb||||||||\u00a0\u00bb header_font=\u00a0\u00bb||||||||\u00a0\u00bb header_text_align=\u00a0\u00bbcenter\u00a0\u00bb header_text_color=\u00a0\u00bb#ffffff\u00a0\u00bb header_font_size=\u00a0\u00bb90px\u00a0\u00bb header_line_height=\u00a0\u00bb90px\u00a0\u00bb use_background_color_gradient=\u00a0\u00bbon\u00a0\u00bb background_color_gradient_direction=\u00a0\u00bb90deg\u00a0\u00bb background_color_gradient_stops=\u00a0\u00bb#0093c9 0%|rgba(0,147,201,0) 100%\u00a0\u00bb background_color_gradient_start=\u00a0\u00bb#0093c9&Prime; background_color_gradient_end=\u00a0\u00bbrgba(0,147,201,0)\u00a0\u00bb width=\u00a0\u00bb50%\u00a0\u00bb width_tablet=\u00a0\u00bb70%\u00a0\u00bb width_phone=\u00a0\u00bb100%\u00a0\u00bb width_last_edited=\u00a0\u00bbon|phone\u00a0\u00bb module_alignment=\u00a0\u00bbcenter\u00a0\u00bb custom_margin=\u00a0\u00bb||\u00a0\u00bb custom_padding=\u00a0\u00bb10px||\u00a0\u00bb header_font_size_tablet=\u00a0\u00bb70px\u00a0\u00bb header_font_size_phone=\u00a0\u00bb45px\u00a0\u00bb header_font_size_last_edited=\u00a0\u00bbon|phone\u00a0\u00bb header_line_height_tablet=\u00a0\u00bb70px\u00a0\u00bb header_line_height_phone=\u00a0\u00bb45px\u00a0\u00bb header_line_height_last_edited=\u00a0\u00bbon|tablet\u00a0\u00bb global_colors_info=\u00a0\u00bb{}\u00a0\u00bb]<\/p>\n<h1>Int\u00e9ress\u00e9?<\/h1>\n<p>[\/et_pb_text][et_pb_button button_url=\u00a0\u00bbhttps:\/\/hidden-adriatic.com\/fr\/contact\/\u00a0\u00bb button_text=\u00a0\u00bbCliquez ici pour nous contacter\u00a0\u00bb button_alignment=\u00a0\u00bbcenter\u00a0\u00bb _builder_version=\u00a0\u00bb4.16&Prime; custom_button=\u00a0\u00bbon\u00a0\u00bb button_text_color=\u00a0\u00bb#ffffff\u00a0\u00bb button_bg_color=\u00a0\u00bb#0093c9&Prime; button_font=\u00a0\u00bb||||||||\u00a0\u00bb button_use_icon=\u00a0\u00bboff\u00a0\u00bb global_colors_info=\u00a0\u00bb{}\u00a0\u00bb button_text_color__hover_enabled=\u00a0\u00bbon\u00a0\u00bb button_bg_color__hover_enabled=\u00a0\u00bbon\u00a0\u00bb button_bg_color__hover=\u00a0\u00bb#95d600&Prime; button_bg_enable_color__hover=\u00a0\u00bbon\u00a0\u00bb button_text_color__hover=\u00a0\u00bb#ffffff\u00a0\u00bb][\/et_pb_button][\/et_pb_column][\/et_pb_row][\/et_pb_section]<\/p>\n","protected":false},"excerpt":{"rendered":"<p>Comment ca marche?1Contactez-nous et donnez-nous une id\u00e9e de ce que vos clients cherchent \u00e0 exp\u00e9rimenter lors de leur voyage en Croatie.2Nous vous recontactons pour en discuter plus en d\u00e9tail.3Nous r\u00e9fl\u00e9chissons de mani\u00e8re approfondie \u00e0 tous les petits d\u00e9tails qui entrent dans l\u2019\u00e9laboration d\u2019un itin\u00e9raire extraordinaire sp\u00e9cialement adapt\u00e9 aux besoins de vos clients. Ensuite, nous vous [&hellip;]<\/p>\n","protected":false},"author":2,"featured_media":0,"parent":0,"menu_order":0,"comment_status":"closed","ping_status":"closed","template":"","meta":{"_et_pb_use_builder":"on","_et_pb_old_content":"","_et_gb_content_width":"","inline_featured_image":false,"footnotes":""},"class_list":["post-609","page","type-page","status-publish","hentry"],"yoast_head":"<!-- This site is optimized with the Yoast SEO plugin v26.2 - https:\/\/yoast.com\/wordpress\/plugins\/seo\/ -->\n<title>Comment ca marche? - Hidden Adriatic<\/title>\n<meta name=\"robots\" content=\"index, follow, max-snippet:-1, max-image-preview:large, max-video-preview:-1\" \/>\n<link rel=\"canonical\" href=\"https:\/\/hidden-adriatic.com\/fr\/comment-ca-marche\/\" \/>\n<meta property=\"og:locale\" content=\"fr_FR\" \/>\n<meta property=\"og:type\" content=\"article\" \/>\n<meta property=\"og:title\" content=\"Comment ca marche? - Hidden Adriatic\" \/>\n<meta property=\"og:description\" content=\"Comment ca marche?1Contactez-nous et donnez-nous une id\u00e9e de ce que vos clients cherchent \u00e0 exp\u00e9rimenter lors de leur voyage en Croatie.2Nous vous recontactons pour en discuter plus en d\u00e9tail.3Nous r\u00e9fl\u00e9chissons de mani\u00e8re approfondie \u00e0 tous les petits d\u00e9tails qui entrent dans l\u2019\u00e9laboration d\u2019un itin\u00e9raire extraordinaire sp\u00e9cialement adapt\u00e9 aux besoins de vos clients. Ensuite, nous vous [&hellip;]\" \/>\n<meta property=\"og:url\" content=\"https:\/\/hidden-adriatic.com\/fr\/comment-ca-marche\/\" \/>\n<meta property=\"og:site_name\" content=\"Hidden Adriatic\" \/>\n<meta property=\"article:modified_time\" content=\"2025-03-21T10:12:48+00:00\" \/>\n<meta property=\"og:image\" content=\"https:\/\/hidden-adriatic.com\/web\/wp-content\/uploads\/2019\/03\/hidden_adriatic_background.jpg\" \/>\n\t<meta property=\"og:image:width\" content=\"2000\" \/>\n\t<meta property=\"og:image:height\" content=\"1334\" \/>\n\t<meta property=\"og:image:type\" content=\"image\/jpeg\" \/>\n<meta name=\"twitter:card\" content=\"summary_large_image\" \/>\n<meta name=\"twitter:label1\" content=\"Dur\u00e9e de lecture estim\u00e9e\" \/>\n\t<meta name=\"twitter:data1\" content=\"1 minute\" \/>\n<script type=\"application\/ld+json\" class=\"yoast-schema-graph\">{\"@context\":\"https:\/\/schema.org\",\"@graph\":[{\"@type\":\"WebPage\",\"@id\":\"https:\/\/hidden-adriatic.com\/fr\/comment-ca-marche\/\",\"url\":\"https:\/\/hidden-adriatic.com\/fr\/comment-ca-marche\/\",\"name\":\"Comment ca marche? - Hidden Adriatic\",\"isPartOf\":{\"@id\":\"https:\/\/hidden-adriatic.com\/#website\"},\"datePublished\":\"2019-06-13T08:51:03+00:00\",\"dateModified\":\"2025-03-21T10:12:48+00:00\",\"breadcrumb\":{\"@id\":\"https:\/\/hidden-adriatic.com\/fr\/comment-ca-marche\/#breadcrumb\"},\"inLanguage\":\"fr-FR\",\"potentialAction\":[{\"@type\":\"ReadAction\",\"target\":[\"https:\/\/hidden-adriatic.com\/fr\/comment-ca-marche\/\"]}]},{\"@type\":\"BreadcrumbList\",\"@id\":\"https:\/\/hidden-adriatic.com\/fr\/comment-ca-marche\/#breadcrumb\",\"itemListElement\":[{\"@type\":\"ListItem\",\"position\":1,\"name\":\"Home\",\"item\":\"https:\/\/hidden-adriatic.com\/fr\/\"},{\"@type\":\"ListItem\",\"position\":2,\"name\":\"Comment ca marche?\"}]},{\"@type\":\"WebSite\",\"@id\":\"https:\/\/hidden-adriatic.com\/#website\",\"url\":\"https:\/\/hidden-adriatic.com\/\",\"name\":\"Hidden Adriatic\",\"description\":\"Beyond the ordinary\",\"publisher\":{\"@id\":\"https:\/\/hidden-adriatic.com\/#organization\"},\"potentialAction\":[{\"@type\":\"SearchAction\",\"target\":{\"@type\":\"EntryPoint\",\"urlTemplate\":\"https:\/\/hidden-adriatic.com\/?s={search_term_string}\"},\"query-input\":{\"@type\":\"PropertyValueSpecification\",\"valueRequired\":true,\"valueName\":\"search_term_string\"}}],\"inLanguage\":\"fr-FR\"},{\"@type\":\"Organization\",\"@id\":\"https:\/\/hidden-adriatic.com\/#organization\",\"name\":\"Hidden Adriatic\",\"url\":\"https:\/\/hidden-adriatic.com\/\",\"logo\":{\"@type\":\"ImageObject\",\"inLanguage\":\"fr-FR\",\"@id\":\"https:\/\/hidden-adriatic.com\/#\/schema\/logo\/image\/\",\"url\":\"https:\/\/hidden-adriatic.com\/web\/wp-content\/uploads\/2019\/03\/hidden_adriatic_logo_slogan.svg\",\"contentUrl\":\"https:\/\/hidden-adriatic.com\/web\/wp-content\/uploads\/2019\/03\/hidden_adriatic_logo_slogan.svg\",\"width\":1,\"height\":1,\"caption\":\"Hidden Adriatic\"},\"image\":{\"@id\":\"https:\/\/hidden-adriatic.com\/#\/schema\/logo\/image\/\"}}]}<\/script>\n<!-- \/ Yoast SEO plugin. -->","yoast_head_json":{"title":"Comment ca marche? - Hidden Adriatic","robots":{"index":"index","follow":"follow","max-snippet":"max-snippet:-1","max-image-preview":"max-image-preview:large","max-video-preview":"max-video-preview:-1"},"canonical":"https:\/\/hidden-adriatic.com\/fr\/comment-ca-marche\/","og_locale":"fr_FR","og_type":"article","og_title":"Comment ca marche? - Hidden Adriatic","og_description":"Comment ca marche?1Contactez-nous et donnez-nous une id\u00e9e de ce que vos clients cherchent \u00e0 exp\u00e9rimenter lors de leur voyage en Croatie.2Nous vous recontactons pour en discuter plus en d\u00e9tail.3Nous r\u00e9fl\u00e9chissons de mani\u00e8re approfondie \u00e0 tous les petits d\u00e9tails qui entrent dans l\u2019\u00e9laboration d\u2019un itin\u00e9raire extraordinaire sp\u00e9cialement adapt\u00e9 aux besoins de vos clients. Ensuite, nous vous [&hellip;]","og_url":"https:\/\/hidden-adriatic.com\/fr\/comment-ca-marche\/","og_site_name":"Hidden Adriatic","article_modified_time":"2025-03-21T10:12:48+00:00","og_image":[{"width":2000,"height":1334,"url":"https:\/\/hidden-adriatic.com\/web\/wp-content\/uploads\/2019\/03\/hidden_adriatic_background.jpg","type":"image\/jpeg"}],"twitter_card":"summary_large_image","twitter_misc":{"Dur\u00e9e de lecture estim\u00e9e":"1 minute"},"schema":{"@context":"https:\/\/schema.org","@graph":[{"@type":"WebPage","@id":"https:\/\/hidden-adriatic.com\/fr\/comment-ca-marche\/","url":"https:\/\/hidden-adriatic.com\/fr\/comment-ca-marche\/","name":"Comment ca marche? - Hidden Adriatic","isPartOf":{"@id":"https:\/\/hidden-adriatic.com\/#website"},"datePublished":"2019-06-13T08:51:03+00:00","dateModified":"2025-03-21T10:12:48+00:00","breadcrumb":{"@id":"https:\/\/hidden-adriatic.com\/fr\/comment-ca-marche\/#breadcrumb"},"inLanguage":"fr-FR","potentialAction":[{"@type":"ReadAction","target":["https:\/\/hidden-adriatic.com\/fr\/comment-ca-marche\/"]}]},{"@type":"BreadcrumbList","@id":"https:\/\/hidden-adriatic.com\/fr\/comment-ca-marche\/#breadcrumb","itemListElement":[{"@type":"ListItem","position":1,"name":"Home","item":"https:\/\/hidden-adriatic.com\/fr\/"},{"@type":"ListItem","position":2,"name":"Comment ca marche?"}]},{"@type":"WebSite","@id":"https:\/\/hidden-adriatic.com\/#website","url":"https:\/\/hidden-adriatic.com\/","name":"Hidden Adriatic","description":"Beyond the ordinary","publisher":{"@id":"https:\/\/hidden-adriatic.com\/#organization"},"potentialAction":[{"@type":"SearchAction","target":{"@type":"EntryPoint","urlTemplate":"https:\/\/hidden-adriatic.com\/?s={search_term_string}"},"query-input":{"@type":"PropertyValueSpecification","valueRequired":true,"valueName":"search_term_string"}}],"inLanguage":"fr-FR"},{"@type":"Organization","@id":"https:\/\/hidden-adriatic.com\/#organization","name":"Hidden Adriatic","url":"https:\/\/hidden-adriatic.com\/","logo":{"@type":"ImageObject","inLanguage":"fr-FR","@id":"https:\/\/hidden-adriatic.com\/#\/schema\/logo\/image\/","url":"https:\/\/hidden-adriatic.com\/web\/wp-content\/uploads\/2019\/03\/hidden_adriatic_logo_slogan.svg","contentUrl":"https:\/\/hidden-adriatic.com\/web\/wp-content\/uploads\/2019\/03\/hidden_adriatic_logo_slogan.svg","width":1,"height":1,"caption":"Hidden Adriatic"},"image":{"@id":"https:\/\/hidden-adriatic.com\/#\/schema\/logo\/image\/"}}]}},"_links":{"self":[{"href":"https:\/\/hidden-adriatic.com\/fr\/wp-json\/wp\/v2\/pages\/609","targetHints":{"allow":["GET"]}}],"collection":[{"href":"https:\/\/hidden-adriatic.com\/fr\/wp-json\/wp\/v2\/pages"}],"about":[{"href":"https:\/\/hidden-adriatic.com\/fr\/wp-json\/wp\/v2\/types\/page"}],"author":[{"embeddable":true,"href":"https:\/\/hidden-adriatic.com\/fr\/wp-json\/wp\/v2\/users\/2"}],"replies":[{"embeddable":true,"href":"https:\/\/hidden-adriatic.com\/fr\/wp-json\/wp\/v2\/comments?post=609"}],"version-history":[{"count":6,"href":"https:\/\/hidden-adriatic.com\/fr\/wp-json\/wp\/v2\/pages\/609\/revisions"}],"predecessor-version":[{"id":786,"href":"https:\/\/hidden-adriatic.com\/fr\/wp-json\/wp\/v2\/pages\/609\/revisions\/786"}],"wp:attachment":[{"href":"https:\/\/hidden-adriatic.com\/fr\/wp-json\/wp\/v2\/media?parent=609"}],"curies":[{"name":"wp","href":"https:\/\/api.w.org\/{rel}","templated":true}]}}