{"id":640,"date":"2019-06-27T09:48:21","date_gmt":"2019-06-27T08:48:21","guid":{"rendered":"https:\/\/hidden-adriatic.com\/company-info\/"},"modified":"2025-03-21T11:15:38","modified_gmt":"2025-03-21T10:15:38","slug":"info-entreprise","status":"publish","type":"page","link":"https:\/\/hidden-adriatic.com\/fr\/info-entreprise\/","title":{"rendered":"Info entreprise"},"content":{"rendered":"<p>[et_pb_section fb_built=\u00a0\u00bb1&Prime; next_background_color=\u00a0\u00bb#ffffff\u00a0\u00bb admin_label=\u00a0\u00bbsection\u00a0\u00bb _builder_version=\u00a0\u00bb4.16&Prime; use_background_color_gradient=\u00a0\u00bbon\u00a0\u00bb background_color_gradient_stops=\u00a0\u00bb#0093c9 0%|rgba(149,214,0,0) 22%\u00a0\u00bb background_color_gradient_overlays_image=\u00a0\u00bbon\u00a0\u00bb background_color_gradient_start=\u00a0\u00bb#0093c9&Prime; background_color_gradient_end=\u00a0\u00bbrgba(149,214,0,0)\u00a0\u00bb background_color_gradient_end_position=\u00a0\u00bb22%\u00a0\u00bb background_image=\u00a0\u00bbhttps:\/\/hidden-adriatic.com\/web\/wp-content\/uploads\/2019\/03\/hidden_adriatic_background.jpg\u00a0\u00bb height=\u00a0\u00bb100vh\u00a0\u00bb bottom_divider_style=\u00a0\u00bbcurve\u00a0\u00bb bottom_divider_height=\u00a0\u00bb50px\u00a0\u00bb bottom_divider_height_tablet=\u00a0\u00bb25px\u00a0\u00bb bottom_divider_height_phone=\u00a0\u00bb15px\u00a0\u00bb bottom_divider_height_last_edited=\u00a0\u00bbon|phone\u00a0\u00bb custom_css_main_element=\u00a0\u00bbdisplay: flex;||flex-wrap: wrap;||align-content: center;\u00a0\u00bb global_colors_info=\u00a0\u00bb{}\u00a0\u00bb][et_pb_row admin_label=\u00a0\u00bbrow\u00a0\u00bb _builder_version=\u00a0\u00bb4.16&Prime; use_background_color_gradient=\u00a0\u00bbon\u00a0\u00bb background_color_gradient_direction=\u00a0\u00bb90deg\u00a0\u00bb background_color_gradient_stops=\u00a0\u00bb#0093c9 0%|rgba(41,196,169,0) 100%\u00a0\u00bb background_color_gradient_start=\u00a0\u00bb#0093c9&Prime; background_color_gradient_end=\u00a0\u00bbrgba(41,196,169,0)\u00a0\u00bb background_size=\u00a0\u00bbinitial\u00a0\u00bb background_position=\u00a0\u00bbtop_left\u00a0\u00bb background_repeat=\u00a0\u00bbrepeat\u00a0\u00bb animation_style=\u00a0\u00bbfade\u00a0\u00bb custom_css_main_element=\u00a0\u00bbdisplay: flex;||flex-wrap: wrap;||align-content: center;\u00a0\u00bb global_colors_info=\u00a0\u00bb{}\u00a0\u00bb][et_pb_column type=\u00a0\u00bb4_4&Prime; _builder_version=\u00a0\u00bb4.16&Prime; custom_padding=\u00a0\u00bb20px|20px|20px|20px\u00a0\u00bb global_colors_info=\u00a0\u00bb{}\u00a0\u00bb custom_padding__hover=\u00a0\u00bb|||\u00a0\u00bb][et_pb_text _builder_version=\u00a0\u00bb4.16&Prime; text_font=\u00a0\u00bbBelgrano||||||||\u00a0\u00bb text_text_color=\u00a0\u00bb#ffffff\u00a0\u00bb text_font_size=\u00a0\u00bb80px\u00a0\u00bb text_line_height=\u00a0\u00bb80px\u00a0\u00bb animation_style=\u00a0\u00bbfade\u00a0\u00bb text_font_size_tablet=\u00a0\u00bb60px\u00a0\u00bb text_font_size_phone=\u00a0\u00bb45px\u00a0\u00bb text_font_size_last_edited=\u00a0\u00bbon|phone\u00a0\u00bb text_line_height_tablet=\u00a0\u00bb60px\u00a0\u00bb text_line_height_phone=\u00a0\u00bb45px\u00a0\u00bb text_line_height_last_edited=\u00a0\u00bbon|tablet\u00a0\u00bb global_colors_info=\u00a0\u00bb{}\u00a0\u00bb text_line_height__hover_enabled=\u00a0\u00bbon\u00a0\u00bb text_line_height__hover=\u00a0\u00bb80px\u00a0\u00bb]<\/p>\n<p>Info entreprise<\/p>\n<p>[\/et_pb_text][\/et_pb_column][\/et_pb_row][\/et_pb_section][et_pb_section fb_built=\u00a0\u00bb1&Prime; _builder_version=\u00a0\u00bb4.16&Prime; global_colors_info=\u00a0\u00bb{}\u00a0\u00bb][et_pb_row _builder_version=\u00a0\u00bb4.16&Prime; custom_css_main_element=\u00a0\u00bbdisplay: flex;||flex-wrap: wrap;||align-content: center;\u00a0\u00bb global_colors_info=\u00a0\u00bb{}\u00a0\u00bb][et_pb_column type=\u00a0\u00bb4_4&Prime; _builder_version=\u00a0\u00bb4.16&Prime; background_color_gradient_direction=\u00a0\u00bb45deg\u00a0\u00bb custom_padding=\u00a0\u00bb|||\u00a0\u00bb global_colors_info=\u00a0\u00bb{}\u00a0\u00bb custom_padding__hover=\u00a0\u00bb|||\u00a0\u00bb][et_pb_text _builder_version=\u00a0\u00bb4.16&Prime; text_font=\u00a0\u00bb|300|||||||\u00a0\u00bb text_font_size=\u00a0\u00bb20px\u00a0\u00bb text_line_height=\u00a0\u00bb25px\u00a0\u00bb custom_css_after=\u00a0\u00bbdisplay: flex;||flex-wrap: wrap;||align-content: center;\u00a0\u00bb global_colors_info=\u00a0\u00bb{}\u00a0\u00bb]<\/p>\n<p>Nom de la soci\u00e9t\u00e9: <strong>HIDDEN ADRIATIC<\/strong><\/p>\n<p>Nom complet de l&rsquo;entreprise: <strong>HIDDEN ADRIATIC d.o.o pour le tourisme et les services, agence de voyages<\/strong><\/p>\n<p>Num\u00e9ro d&rsquo;inscription: <strong>4873831<\/strong><\/p>\n<p>Enregistr\u00e9 au Tribunal de commerce de Rijeka, num\u00e9ro 040387301, constitu\u00e9 le 6 mars 2018, capital initial de 20 000 kuna pay\u00e9 en totalit\u00e9<\/p>\n<p>Num\u00e9ro de TVA: <strong>HR47300376361<\/strong><\/p>\n<p>Membres du conseil d&rsquo;administration: <strong>Goran Jokic, Majda Vrenc<\/strong><\/p>\n<p>Si\u00e8ge de la soci\u00e9t\u00e9: <strong>Vlade Grozdanica 16, 51000 Rijeka, Hrvatska \/ Croatie<\/strong><\/p>\n<p>E-mail: <a href=\"mailto:info@hidden-adriatic.com\"><strong>info@hidden-adriatic.com<\/strong><\/a><\/p>\n<p>Tel 1: <strong>+ 385 95 905 6729<\/strong><\/p>\n<p>Tel 2: <strong>+385 98 970 9147<\/strong><\/p>\n<p>Donn\u00e9es bancaires entreprise:<\/p>\n<p>Banque: <strong>Erste bank d.d.<\/strong><\/p>\n<p>Adresse:\u00a0<strong>Jadranski trg 3A, 51000 Rijeka, Croatie<\/strong><\/p>\n<p>IBAN: <strong>HR 4624 0200 6110 0865 586<\/strong><\/p>\n<p>CODE SWIFT (BIC):<span>\u00a0<\/span><strong>ESBCHR22<\/strong><\/p>\n<p>Assurance professionnelle N: <strong>OV 0682043604, OV 0682043606 chez Jadransko Osiguranje d.d., Zagreb<\/strong><\/p>\n<p>[\/et_pb_text][\/et_pb_column][\/et_pb_row][\/et_pb_section][et_pb_section fb_built=\u00a0\u00bb1&Prime; prev_background_color=\u00a0\u00bb#ffffff\u00a0\u00bb next_background_color=\u00a0\u00bb#ffffff\u00a0\u00bb _builder_version=\u00a0\u00bb4.16&Prime; background_image=\u00a0\u00bbhttps:\/\/hidden-adriatic.com\/web\/wp-content\/uploads\/2019\/06\/hidden_adriatic_background_8.jpg\u00a0\u00bb parallax=\u00a0\u00bbon\u00a0\u00bb parallax_method=\u00a0\u00bboff\u00a0\u00bb height=\u00a0\u00bb350px\u00a0\u00bb height_tablet=\u00a0\u00bb\u00a0\u00bb height_phone=\u00a0\u00bb\u00a0\u00bb height_last_edited=\u00a0\u00bbon|phone\u00a0\u00bb custom_margin=\u00a0\u00bb||\u00a0\u00bb custom_padding=\u00a0\u00bb||\u00a0\u00bb top_divider_style=\u00a0\u00bbcurve\u00a0\u00bb top_divider_height=\u00a0\u00bb50px\u00a0\u00bb top_divider_flip=\u00a0\u00bbvertical\u00a0\u00bb top_divider_height_tablet=\u00a0\u00bb25px\u00a0\u00bb top_divider_height_phone=\u00a0\u00bb15px\u00a0\u00bb top_divider_height_last_edited=\u00a0\u00bbon|phone\u00a0\u00bb bottom_divider_style=\u00a0\u00bbcurve\u00a0\u00bb bottom_divider_height=\u00a0\u00bb50px\u00a0\u00bb bottom_divider_height_tablet=\u00a0\u00bb25px\u00a0\u00bb bottom_divider_height_phone=\u00a0\u00bb15px\u00a0\u00bb bottom_divider_height_last_edited=\u00a0\u00bbon|phone\u00a0\u00bb custom_css_main_element=\u00a0\u00bbdisplay: flex;||flex-wrap: wrap;||align-content: center;\u00a0\u00bb locked=\u00a0\u00bboff\u00a0\u00bb global_colors_info=\u00a0\u00bb{}\u00a0\u00bb][et_pb_row _builder_version=\u00a0\u00bb4.16&Prime; global_colors_info=\u00a0\u00bb{}\u00a0\u00bb][et_pb_column type=\u00a0\u00bb4_4&Prime; _builder_version=\u00a0\u00bb4.16&Prime; global_colors_info=\u00a0\u00bb{}\u00a0\u00bb][et_pb_text _builder_version=\u00a0\u00bb4.16&Prime; text_font=\u00a0\u00bb||||||||\u00a0\u00bb header_font=\u00a0\u00bb||||||||\u00a0\u00bb header_text_align=\u00a0\u00bbcenter\u00a0\u00bb header_text_color=\u00a0\u00bb#ffffff\u00a0\u00bb header_font_size=\u00a0\u00bb90px\u00a0\u00bb header_line_height=\u00a0\u00bb90px\u00a0\u00bb use_background_color_gradient=\u00a0\u00bbon\u00a0\u00bb background_color_gradient_direction=\u00a0\u00bb90deg\u00a0\u00bb background_color_gradient_stops=\u00a0\u00bb#0093c9 0%|rgba(0,147,201,0) 100%\u00a0\u00bb background_color_gradient_start=\u00a0\u00bb#0093c9&Prime; background_color_gradient_end=\u00a0\u00bbrgba(0,147,201,0)\u00a0\u00bb width=\u00a0\u00bb50%\u00a0\u00bb width_tablet=\u00a0\u00bb70%\u00a0\u00bb width_phone=\u00a0\u00bb100%\u00a0\u00bb width_last_edited=\u00a0\u00bbon|phone\u00a0\u00bb module_alignment=\u00a0\u00bbcenter\u00a0\u00bb custom_margin=\u00a0\u00bb||\u00a0\u00bb custom_padding=\u00a0\u00bb10px||\u00a0\u00bb header_font_size_tablet=\u00a0\u00bb70px\u00a0\u00bb header_font_size_phone=\u00a0\u00bb45px\u00a0\u00bb header_font_size_last_edited=\u00a0\u00bbon|phone\u00a0\u00bb header_line_height_tablet=\u00a0\u00bb70px\u00a0\u00bb header_line_height_phone=\u00a0\u00bb45px\u00a0\u00bb header_line_height_last_edited=\u00a0\u00bbon|tablet\u00a0\u00bb global_colors_info=\u00a0\u00bb{}\u00a0\u00bb]<\/p>\n<h1>Int\u00e9ress\u00e9?<\/h1>\n<p>[\/et_pb_text][et_pb_button button_url=\u00a0\u00bbhttps:\/\/hidden-adriatic.com\/fr\/contact\/\u00a0\u00bb button_text=\u00a0\u00bbCliquez ici pour nous contacter\u00a0\u00bb button_alignment=\u00a0\u00bbcenter\u00a0\u00bb _builder_version=\u00a0\u00bb4.16&Prime; custom_button=\u00a0\u00bbon\u00a0\u00bb button_text_color=\u00a0\u00bb#ffffff\u00a0\u00bb button_bg_color=\u00a0\u00bb#0093c9&Prime; button_font=\u00a0\u00bb||||||||\u00a0\u00bb button_use_icon=\u00a0\u00bboff\u00a0\u00bb global_colors_info=\u00a0\u00bb{}\u00a0\u00bb button_text_color__hover_enabled=\u00a0\u00bbon\u00a0\u00bb button_bg_color__hover_enabled=\u00a0\u00bbon\u00a0\u00bb button_bg_color__hover=\u00a0\u00bb#95d600&Prime; button_bg_enable_color__hover=\u00a0\u00bbon\u00a0\u00bb button_text_color__hover=\u00a0\u00bb#ffffff\u00a0\u00bb][\/et_pb_button][\/et_pb_column][\/et_pb_row][\/et_pb_section]<\/p>\n","protected":false},"excerpt":{"rendered":"<p>Info entrepriseNom de la soci\u00e9t\u00e9: HIDDEN ADRIATIC Nom complet de l&rsquo;entreprise: HIDDEN ADRIATIC d.o.o pour le tourisme et les services, agence de voyages Num\u00e9ro d&rsquo;inscription: 4873831 Enregistr\u00e9 au Tribunal de commerce de Rijeka, num\u00e9ro 040387301, constitu\u00e9 le 6 mars 2018, capital initial de 20 000 kuna pay\u00e9 en totalit\u00e9 Num\u00e9ro de TVA: HR47300376361 Membres du [&hellip;]<\/p>\n","protected":false},"author":2,"featured_media":0,"parent":0,"menu_order":0,"comment_status":"closed","ping_status":"closed","template":"","meta":{"_et_pb_use_builder":"on","_et_pb_old_content":"","_et_gb_content_width":"","inline_featured_image":false,"footnotes":""},"class_list":["post-640","page","type-page","status-publish","hentry"],"yoast_head":"<!-- This site is optimized with the Yoast SEO plugin v26.2 - https:\/\/yoast.com\/wordpress\/plugins\/seo\/ -->\n<title>Info entreprise - Hidden Adriatic<\/title>\n<meta name=\"robots\" content=\"index, follow, max-snippet:-1, max-image-preview:large, max-video-preview:-1\" \/>\n<link rel=\"canonical\" href=\"https:\/\/hidden-adriatic.com\/fr\/info-entreprise\/\" \/>\n<meta property=\"og:locale\" content=\"fr_FR\" \/>\n<meta property=\"og:type\" content=\"article\" \/>\n<meta property=\"og:title\" content=\"Info entreprise - Hidden Adriatic\" \/>\n<meta property=\"og:description\" content=\"Info entrepriseNom de la soci\u00e9t\u00e9: HIDDEN ADRIATIC Nom complet de l&#039;entreprise: HIDDEN ADRIATIC d.o.o pour le tourisme et les services, agence de voyages Num\u00e9ro d&#039;inscription: 4873831 Enregistr\u00e9 au Tribunal de commerce de Rijeka, num\u00e9ro 040387301, constitu\u00e9 le 6 mars 2018, capital initial de 20 000 kuna pay\u00e9 en totalit\u00e9 Num\u00e9ro de TVA: HR47300376361 Membres du [&hellip;]\" \/>\n<meta property=\"og:url\" content=\"https:\/\/hidden-adriatic.com\/fr\/info-entreprise\/\" \/>\n<meta property=\"og:site_name\" content=\"Hidden Adriatic\" \/>\n<meta property=\"article:modified_time\" content=\"2025-03-21T10:15:38+00:00\" \/>\n<meta property=\"og:image\" content=\"https:\/\/hidden-adriatic.com\/web\/wp-content\/uploads\/2019\/03\/hidden_adriatic_background.jpg\" \/>\n\t<meta property=\"og:image:width\" content=\"2000\" \/>\n\t<meta property=\"og:image:height\" content=\"1334\" \/>\n\t<meta property=\"og:image:type\" content=\"image\/jpeg\" \/>\n<meta name=\"twitter:card\" content=\"summary_large_image\" \/>\n<meta name=\"twitter:label1\" content=\"Dur\u00e9e de lecture estim\u00e9e\" \/>\n\t<meta name=\"twitter:data1\" content=\"1 minute\" \/>\n<script type=\"application\/ld+json\" class=\"yoast-schema-graph\">{\"@context\":\"https:\/\/schema.org\",\"@graph\":[{\"@type\":\"WebPage\",\"@id\":\"https:\/\/hidden-adriatic.com\/fr\/info-entreprise\/\",\"url\":\"https:\/\/hidden-adriatic.com\/fr\/info-entreprise\/\",\"name\":\"Info entreprise - Hidden Adriatic\",\"isPartOf\":{\"@id\":\"https:\/\/hidden-adriatic.com\/#website\"},\"datePublished\":\"2019-06-27T08:48:21+00:00\",\"dateModified\":\"2025-03-21T10:15:38+00:00\",\"breadcrumb\":{\"@id\":\"https:\/\/hidden-adriatic.com\/fr\/info-entreprise\/#breadcrumb\"},\"inLanguage\":\"fr-FR\",\"potentialAction\":[{\"@type\":\"ReadAction\",\"target\":[\"https:\/\/hidden-adriatic.com\/fr\/info-entreprise\/\"]}]},{\"@type\":\"BreadcrumbList\",\"@id\":\"https:\/\/hidden-adriatic.com\/fr\/info-entreprise\/#breadcrumb\",\"itemListElement\":[{\"@type\":\"ListItem\",\"position\":1,\"name\":\"Home\",\"item\":\"https:\/\/hidden-adriatic.com\/fr\/\"},{\"@type\":\"ListItem\",\"position\":2,\"name\":\"Info entreprise\"}]},{\"@type\":\"WebSite\",\"@id\":\"https:\/\/hidden-adriatic.com\/#website\",\"url\":\"https:\/\/hidden-adriatic.com\/\",\"name\":\"Hidden Adriatic\",\"description\":\"Beyond the ordinary\",\"publisher\":{\"@id\":\"https:\/\/hidden-adriatic.com\/#organization\"},\"potentialAction\":[{\"@type\":\"SearchAction\",\"target\":{\"@type\":\"EntryPoint\",\"urlTemplate\":\"https:\/\/hidden-adriatic.com\/?s={search_term_string}\"},\"query-input\":{\"@type\":\"PropertyValueSpecification\",\"valueRequired\":true,\"valueName\":\"search_term_string\"}}],\"inLanguage\":\"fr-FR\"},{\"@type\":\"Organization\",\"@id\":\"https:\/\/hidden-adriatic.com\/#organization\",\"name\":\"Hidden Adriatic\",\"url\":\"https:\/\/hidden-adriatic.com\/\",\"logo\":{\"@type\":\"ImageObject\",\"inLanguage\":\"fr-FR\",\"@id\":\"https:\/\/hidden-adriatic.com\/#\/schema\/logo\/image\/\",\"url\":\"https:\/\/hidden-adriatic.com\/web\/wp-content\/uploads\/2019\/03\/hidden_adriatic_logo_slogan.svg\",\"contentUrl\":\"https:\/\/hidden-adriatic.com\/web\/wp-content\/uploads\/2019\/03\/hidden_adriatic_logo_slogan.svg\",\"width\":1,\"height\":1,\"caption\":\"Hidden Adriatic\"},\"image\":{\"@id\":\"https:\/\/hidden-adriatic.com\/#\/schema\/logo\/image\/\"}}]}<\/script>\n<!-- \/ Yoast SEO plugin. -->","yoast_head_json":{"title":"Info entreprise - Hidden Adriatic","robots":{"index":"index","follow":"follow","max-snippet":"max-snippet:-1","max-image-preview":"max-image-preview:large","max-video-preview":"max-video-preview:-1"},"canonical":"https:\/\/hidden-adriatic.com\/fr\/info-entreprise\/","og_locale":"fr_FR","og_type":"article","og_title":"Info entreprise - Hidden Adriatic","og_description":"Info entrepriseNom de la soci\u00e9t\u00e9: HIDDEN ADRIATIC Nom complet de l'entreprise: HIDDEN ADRIATIC d.o.o pour le tourisme et les services, agence de voyages Num\u00e9ro d'inscription: 4873831 Enregistr\u00e9 au Tribunal de commerce de Rijeka, num\u00e9ro 040387301, constitu\u00e9 le 6 mars 2018, capital initial de 20 000 kuna pay\u00e9 en totalit\u00e9 Num\u00e9ro de TVA: HR47300376361 Membres du [&hellip;]","og_url":"https:\/\/hidden-adriatic.com\/fr\/info-entreprise\/","og_site_name":"Hidden Adriatic","article_modified_time":"2025-03-21T10:15:38+00:00","og_image":[{"width":2000,"height":1334,"url":"https:\/\/hidden-adriatic.com\/web\/wp-content\/uploads\/2019\/03\/hidden_adriatic_background.jpg","type":"image\/jpeg"}],"twitter_card":"summary_large_image","twitter_misc":{"Dur\u00e9e de lecture estim\u00e9e":"1 minute"},"schema":{"@context":"https:\/\/schema.org","@graph":[{"@type":"WebPage","@id":"https:\/\/hidden-adriatic.com\/fr\/info-entreprise\/","url":"https:\/\/hidden-adriatic.com\/fr\/info-entreprise\/","name":"Info entreprise - Hidden Adriatic","isPartOf":{"@id":"https:\/\/hidden-adriatic.com\/#website"},"datePublished":"2019-06-27T08:48:21+00:00","dateModified":"2025-03-21T10:15:38+00:00","breadcrumb":{"@id":"https:\/\/hidden-adriatic.com\/fr\/info-entreprise\/#breadcrumb"},"inLanguage":"fr-FR","potentialAction":[{"@type":"ReadAction","target":["https:\/\/hidden-adriatic.com\/fr\/info-entreprise\/"]}]},{"@type":"BreadcrumbList","@id":"https:\/\/hidden-adriatic.com\/fr\/info-entreprise\/#breadcrumb","itemListElement":[{"@type":"ListItem","position":1,"name":"Home","item":"https:\/\/hidden-adriatic.com\/fr\/"},{"@type":"ListItem","position":2,"name":"Info entreprise"}]},{"@type":"WebSite","@id":"https:\/\/hidden-adriatic.com\/#website","url":"https:\/\/hidden-adriatic.com\/","name":"Hidden Adriatic","description":"Beyond the ordinary","publisher":{"@id":"https:\/\/hidden-adriatic.com\/#organization"},"potentialAction":[{"@type":"SearchAction","target":{"@type":"EntryPoint","urlTemplate":"https:\/\/hidden-adriatic.com\/?s={search_term_string}"},"query-input":{"@type":"PropertyValueSpecification","valueRequired":true,"valueName":"search_term_string"}}],"inLanguage":"fr-FR"},{"@type":"Organization","@id":"https:\/\/hidden-adriatic.com\/#organization","name":"Hidden Adriatic","url":"https:\/\/hidden-adriatic.com\/","logo":{"@type":"ImageObject","inLanguage":"fr-FR","@id":"https:\/\/hidden-adriatic.com\/#\/schema\/logo\/image\/","url":"https:\/\/hidden-adriatic.com\/web\/wp-content\/uploads\/2019\/03\/hidden_adriatic_logo_slogan.svg","contentUrl":"https:\/\/hidden-adriatic.com\/web\/wp-content\/uploads\/2019\/03\/hidden_adriatic_logo_slogan.svg","width":1,"height":1,"caption":"Hidden Adriatic"},"image":{"@id":"https:\/\/hidden-adriatic.com\/#\/schema\/logo\/image\/"}}]}},"_links":{"self":[{"href":"https:\/\/hidden-adriatic.com\/fr\/wp-json\/wp\/v2\/pages\/640","targetHints":{"allow":["GET"]}}],"collection":[{"href":"https:\/\/hidden-adriatic.com\/fr\/wp-json\/wp\/v2\/pages"}],"about":[{"href":"https:\/\/hidden-adriatic.com\/fr\/wp-json\/wp\/v2\/types\/page"}],"author":[{"embeddable":true,"href":"https:\/\/hidden-adriatic.com\/fr\/wp-json\/wp\/v2\/users\/2"}],"replies":[{"embeddable":true,"href":"https:\/\/hidden-adriatic.com\/fr\/wp-json\/wp\/v2\/comments?post=640"}],"version-history":[{"count":8,"href":"https:\/\/hidden-adriatic.com\/fr\/wp-json\/wp\/v2\/pages\/640\/revisions"}],"predecessor-version":[{"id":788,"href":"https:\/\/hidden-adriatic.com\/fr\/wp-json\/wp\/v2\/pages\/640\/revisions\/788"}],"wp:attachment":[{"href":"https:\/\/hidden-adriatic.com\/fr\/wp-json\/wp\/v2\/media?parent=640"}],"curies":[{"name":"wp","href":"https:\/\/api.w.org\/{rel}","templated":true}]}}